{"id":109,"date":"2014-11-09T10:55:58","date_gmt":"2014-11-09T10:55:58","guid":{"rendered":"https:\/\/www.eunirpa.eu\/?page_id=109"},"modified":"2014-12-04T08:56:22","modified_gmt":"2014-12-04T07:56:22","slug":"home","status":"publish","type":"page","link":"https:\/\/www.eunirpa.eu\/de\/","title":{"rendered":"Home"},"content":{"rendered":"<h1>CORO cold rolling solutions<\/h1>\n<h2>Vorsprung durch Technologie und Kompetenz<\/h2>\n<p>Durch die Anwendung modernster Methoden sowie der Verwendung bester Materialien fertigen unsere Mitarbeiter Produkte, die einen neuen Ma\u00dfstab auf dem Gebiet der Drahtreduktion definieren.<\/p>\n<p>Unser Leistungsspektrum umfasst Standard- und kundenindividuelle L\u00f6sungen und beinhaltet neben der Herstellung von Walzen auch das \u00dcberarbeiten von gebrauchten Walzen in unserem Schleifzentrum. Unsere Spezialisten agieren fokussiert auf Ihre Anforderungen und stets angepasst auf Ihre Bed\u00fcrfnisse.<\/p>\n<p>Profitieren Sie mit doppeltem Nutzen von den CORO Hartmetallwalzen:<\/p>\n<ul>\n<li>Entscheidender Kostenvorteil durch h\u00f6chste Prozesssicherheit und Standzeit<\/li>\n<li>Erh\u00f6hte Drahtqualit\u00e4t durch verbesserte Oberfl\u00e4chengestaltung und Rippengeometrie<\/li>\n<\/ul>\n<p>Bei CORO erhalten Sie Service Support \u00fcber die gesamte Lebensdauer Ihrer Walzen. Mit unserem Produkt- und Dienstleistungsangebot sind wir Ihr Partner f\u00fcr die Sicherung und Steigerung Ihrer Produktivit\u00e4t.<\/p>\n<p><iframe loading=\"lazy\" src=\"\/\/www.youtube.com\/embed\/jAZb-XdzSZQ\" width=\"470\" height=\"295\" allowfullscreen=\"allowfullscreen\"><\/iframe><\/p>\n","protected":false},"excerpt":{"rendered":"<p>CORO cold rolling solutions Vorsprung durch Technologie und Kompetenz Durch die Anwendung modernster Methoden sowie der Verwendung bester Materialien fertigen unsere Mitarbeiter Produkte, die einen neuen Ma\u00dfstab auf dem Gebiet der Drahtreduktion definieren. Unser Leistungsspektrum umfasst Standard- und kundenindividuelle L\u00f6sungen und beinhaltet neben der Herstellung von Walzen auch das \u00dcberarbeiten von gebrauchten Walzen in unserem [&hellip;]<\/p>\n","protected":false},"author":6,"featured_media":0,"parent":0,"menu_order":10,"comment_status":"open","ping_status":"open","template":"","meta":{"_acf_changed":false,"footnotes":""},"class_list":["post-109","page","type-page","status-publish","hentry"],"acf":[],"yoast_head":"<!-- This site is optimized with the Yoast SEO plugin v27.3 - https:\/\/yoast.com\/product\/yoast-seo-wordpress\/ -->\n<title>CORO cold rolling solutions<\/title>\n<meta name=\"robots\" content=\"index, follow, max-snippet:-1, max-image-preview:large, max-video-preview:-1\" \/>\n<link rel=\"canonical\" href=\"https:\/\/www.eunirpa.eu\/\" \/>\n<meta property=\"og:locale\" content=\"de_DE\" \/>\n<meta property=\"og:type\" content=\"article\" \/>\n<meta property=\"og:title\" content=\"CORO cold rolling solutions\" \/>\n<meta property=\"og:description\" content=\"CORO cold rolling solutions Vorsprung durch Technologie und Kompetenz Durch die Anwendung modernster Methoden sowie der Verwendung bester Materialien fertigen unsere Mitarbeiter Produkte, die einen neuen Ma\u00dfstab auf dem Gebiet der Drahtreduktion definieren. Unser Leistungsspektrum umfasst Standard- und kundenindividuelle L\u00f6sungen und beinhaltet neben der Herstellung von Walzen auch das \u00dcberarbeiten von gebrauchten Walzen in unserem [&hellip;]\" \/>\n<meta property=\"og:url\" content=\"https:\/\/www.eunirpa.eu\/\" \/>\n<meta property=\"og:site_name\" content=\"EUNIRPA\" \/>\n<meta property=\"article:modified_time\" content=\"2014-12-04T07:56:22+00:00\" \/>\n<meta name=\"twitter:label1\" content=\"Est. reading time\" \/>\n\t<meta name=\"twitter:data1\" content=\"1 minute\" \/>\n<script type=\"application\/ld+json\" class=\"yoast-schema-graph\">{\"@context\":\"https:\\\/\\\/schema.org\",\"@graph\":[{\"@type\":\"WebPage\",\"@id\":\"https:\\\/\\\/www.eunirpa.eu\\\/\",\"url\":\"https:\\\/\\\/www.eunirpa.eu\\\/\",\"name\":\"CORO cold rolling solutions\",\"isPartOf\":{\"@id\":\"https:\\\/\\\/www.eunirpa.eu\\\/#website\"},\"datePublished\":\"2014-11-09T10:55:58+00:00\",\"dateModified\":\"2014-12-04T07:56:22+00:00\",\"breadcrumb\":{\"@id\":\"https:\\\/\\\/www.eunirpa.eu\\\/#breadcrumb\"},\"inLanguage\":\"de-DE\",\"potentialAction\":[{\"@type\":\"ReadAction\",\"target\":[\"https:\\\/\\\/www.eunirpa.eu\\\/\"]}]},{\"@type\":\"BreadcrumbList\",\"@id\":\"https:\\\/\\\/www.eunirpa.eu\\\/#breadcrumb\",\"itemListElement\":[{\"@type\":\"ListItem\",\"position\":1,\"name\":\"Home\",\"item\":\"https:\\\/\\\/www.eunirpa.eu\\\/\"},{\"@type\":\"ListItem\",\"position\":2,\"name\":\"Home\"}]},{\"@type\":\"WebSite\",\"@id\":\"https:\\\/\\\/www.eunirpa.eu\\\/#website\",\"url\":\"https:\\\/\\\/www.eunirpa.eu\\\/\",\"name\":\"EUNIRPA\",\"description\":\"\",\"potentialAction\":[{\"@type\":\"SearchAction\",\"target\":{\"@type\":\"EntryPoint\",\"urlTemplate\":\"https:\\\/\\\/www.eunirpa.eu\\\/?s={search_term_string}\"},\"query-input\":{\"@type\":\"PropertyValueSpecification\",\"valueRequired\":true,\"valueName\":\"search_term_string\"}}],\"inLanguage\":\"de-DE\"}]}<\/script>\n<!-- \/ Yoast SEO plugin. -->","yoast_head_json":{"title":"CORO cold rolling solutions","robots":{"index":"index","follow":"follow","max-snippet":"max-snippet:-1","max-image-preview":"max-image-preview:large","max-video-preview":"max-video-preview:-1"},"canonical":"https:\/\/www.eunirpa.eu\/","og_locale":"de_DE","og_type":"article","og_title":"CORO cold rolling solutions","og_description":"CORO cold rolling solutions Vorsprung durch Technologie und Kompetenz Durch die Anwendung modernster Methoden sowie der Verwendung bester Materialien fertigen unsere Mitarbeiter Produkte, die einen neuen Ma\u00dfstab auf dem Gebiet der Drahtreduktion definieren. Unser Leistungsspektrum umfasst Standard- und kundenindividuelle L\u00f6sungen und beinhaltet neben der Herstellung von Walzen auch das \u00dcberarbeiten von gebrauchten Walzen in unserem [&hellip;]","og_url":"https:\/\/www.eunirpa.eu\/","og_site_name":"EUNIRPA","article_modified_time":"2014-12-04T07:56:22+00:00","twitter_misc":{"Est. reading time":"1 minute"},"schema":{"@context":"https:\/\/schema.org","@graph":[{"@type":"WebPage","@id":"https:\/\/www.eunirpa.eu\/","url":"https:\/\/www.eunirpa.eu\/","name":"CORO cold rolling solutions","isPartOf":{"@id":"https:\/\/www.eunirpa.eu\/#website"},"datePublished":"2014-11-09T10:55:58+00:00","dateModified":"2014-12-04T07:56:22+00:00","breadcrumb":{"@id":"https:\/\/www.eunirpa.eu\/#breadcrumb"},"inLanguage":"de-DE","potentialAction":[{"@type":"ReadAction","target":["https:\/\/www.eunirpa.eu\/"]}]},{"@type":"BreadcrumbList","@id":"https:\/\/www.eunirpa.eu\/#breadcrumb","itemListElement":[{"@type":"ListItem","position":1,"name":"Home","item":"https:\/\/www.eunirpa.eu\/"},{"@type":"ListItem","position":2,"name":"Home"}]},{"@type":"WebSite","@id":"https:\/\/www.eunirpa.eu\/#website","url":"https:\/\/www.eunirpa.eu\/","name":"EUNIRPA","description":"","potentialAction":[{"@type":"SearchAction","target":{"@type":"EntryPoint","urlTemplate":"https:\/\/www.eunirpa.eu\/?s={search_term_string}"},"query-input":{"@type":"PropertyValueSpecification","valueRequired":true,"valueName":"search_term_string"}}],"inLanguage":"de-DE"}]}},"_links":{"self":[{"href":"https:\/\/www.eunirpa.eu\/de\/wp-json\/wp\/v2\/pages\/109","targetHints":{"allow":["GET"]}}],"collection":[{"href":"https:\/\/www.eunirpa.eu\/de\/wp-json\/wp\/v2\/pages"}],"about":[{"href":"https:\/\/www.eunirpa.eu\/de\/wp-json\/wp\/v2\/types\/page"}],"author":[{"embeddable":true,"href":"https:\/\/www.eunirpa.eu\/de\/wp-json\/wp\/v2\/users\/6"}],"replies":[{"embeddable":true,"href":"https:\/\/www.eunirpa.eu\/de\/wp-json\/wp\/v2\/comments?post=109"}],"version-history":[{"count":0,"href":"https:\/\/www.eunirpa.eu\/de\/wp-json\/wp\/v2\/pages\/109\/revisions"}],"wp:attachment":[{"href":"https:\/\/www.eunirpa.eu\/de\/wp-json\/wp\/v2\/media?parent=109"}],"curies":[{"name":"wp","href":"https:\/\/api.w.org\/{rel}","templated":true}]}}